{"id":247,"date":"2016-02-19T21:19:32","date_gmt":"2016-02-19T19:19:32","guid":{"rendered":"http:\/\/test.kriesi.at\/hotel\/?page_id=247"},"modified":"2021-07-10T16:37:35","modified_gmt":"2021-07-10T14:37:35","slug":"rooms","status":"publish","type":"page","link":"https:\/\/marinehotel.lv\/?page_id=247","title":{"rendered":"Istabas"},"content":{"rendered":"<div id='av_section_1'  class='avia-section main_color avia-section-default avia-no-shadow  avia-full-stretch avia-bg-style-scroll  avia-builder-el-0  el_before_av_section  avia-builder-el-first   av-minimum-height av-minimum-height-custom  container_wrap fullsize' style='background-repeat: no-repeat; background-image: url(https:\/\/marinehotel.lv\/wp-content\/uploads\/2021\/06\/IMG_0157_8_9_9a_fused.jpg);background-attachment: scroll; background-position: center center;  '  data-section-bg-repeat='stretch'><div class='container' style='height:300px'><main  role=\"main\" itemprop=\"mainContentOfPage\"  class='template-page content  av-content-full alpha units'><div class='post-entry post-entry-type-page post-entry-247'><div class='entry-content-wrapper clearfix'>\n<\/div><\/div><\/main><!-- close content main element --><\/div><\/div><div id='av_section_2'  class='avia-section main_color avia-section-huge avia-no-border-styling  avia-bg-style-scroll  avia-builder-el-1  el_after_av_section  el_before_av_layout_row   container_wrap fullsize' style=' '  ><div class='container' ><div class='template-page content  av-content-full alpha units'><div class='post-entry post-entry-type-page post-entry-247'><div class='entry-content-wrapper clearfix'>\n<div class=\"flex_column av_one_full  flex_column_div first  avia-builder-el-2  el_before_av_hr  avia-builder-el-first  \" style='margin-top:-200px; margin-bottom:0px; padding:30px; background-color:#ffffff; border-radius:0px; '><div  style='padding-bottom:20px; margin-top: 5px;font-size:40px;' class='av-special-heading av-special-heading-h1  blockquote modern-quote modern-centered  avia-builder-el-3  avia-builder-el-no-sibling  av-inherit-size '><h1 class='av-special-heading-tag '  itemprop=\"headline\"  >\u0160eit ir saraksts ar m\u016bsu pieejamajiem numuriem<\/h1><div class='special-heading-border'><div class='special-heading-inner-border' ><\/div><\/div><\/div><\/div><div  style=' margin-top:-40px; margin-bottom:70px;'  class='hr hr-custom hr-center hr-icon-yes   avia-builder-el-4  el_after_av_one_full  el_before_av_one_fourth '><span class='hr-inner  inner-border-av-border-fat' style=' width:50px; border-color:#f8f8f8; max-width:45%;' ><span class='hr-inner-style'><\/span><\/span><span class='av-seperator-icon' style='color:#c9d3e3;' aria-hidden='true' data-av_icon='\ue8ce' data-av_iconfont='entypo-fontello'><\/span><span class='hr-inner  inner-border-av-border-fat' style=' width:50px; border-color:#f8f8f8; max-width:45%;' ><span class='hr-inner-style'><\/span><\/span><\/div>\n<div class=\"flex_column av_one_fourth  av-animated-generic bottom-to-top  flex_column_div av-zero-column-padding first  avia-builder-el-5  el_after_av_hr  el_before_av_one_half  \" style='border-radius:0px; '><\/div><div class=\"flex_column av_one_half  av-animated-generic bottom-to-top  flex_column_div av-zero-column-padding   avia-builder-el-6  el_after_av_one_fourth  el_before_av_one_fourth  \" style='border-radius:0px; '><p><div  style='padding-bottom:20px; ' class='av-special-heading av-special-heading-h2  blockquote modern-quote modern-centered  avia-builder-el-7  el_before_av_button  avia-builder-el-first  '><div class ='av-subheading av-subheading_above  ' style='font-size:15px;'><p>Vai jums ir k\u0101di jaut\u0101jumi pirms rezerv\u0113\u0161anas?<\/p>\n<\/div><h2 class='av-special-heading-tag '  itemprop=\"headline\"  >Sazinieties ar mums!<\/h2><div class='special-heading-border'><div class='special-heading-inner-border' ><\/div><\/div><\/div><br \/>\n<div  class='avia-button-wrap avia-button-center  avia-builder-el-8  el_after_av_heading  avia-builder-el-last ' ><a href='https:\/\/marinehotel.lv\/?page_id=156'  class='avia-button   avia-icon_select-no avia-size-large avia-position-center '  style='background-color:#536b7e; border-color:#536b7e; color:#ffffff; ' ><span class='avia_iconbox_title' >Kontakti<\/span><\/a><\/div><\/p><\/div><div class=\"flex_column av_one_fourth  av-animated-generic bottom-to-top  flex_column_div av-zero-column-padding   avia-builder-el-9  el_after_av_one_half  avia-builder-el-last  \" style='border-radius:0px; '><\/div>\n\n<\/div><\/div><\/div><!-- close content main div --><\/div><\/div><div id='av-layout-grid-1'  class='av-layout-grid-container entry-content-wrapper main_color av-flex-cells     avia-builder-el-10  el_after_av_section  el_before_av_layout_row  submenu-not-first container_wrap fullsize' style=' '  >\n<div class=\"flex_cell no_margin av_two_fifth  avia-builder-el-11  el_before_av_cell_three_fifth  avia-builder-el-first   avia-full-stretch \"  style='height:400px; min-height:400px;background:url(https:\/\/marinehotel.lv\/wp-content\/uploads\/2021\/06\/IMG_0052_3_tonemapped.jpg) center center no-repeat scroll; vertical-align:middle; padding:60px; ' ><div class='flex_cell_inner' ><\/div><\/div><div class=\"flex_cell no_margin av_three_fifth  avia-builder-el-12  el_after_av_cell_two_fifth  avia-builder-el-last   avia-full-contain \"  style='height:400px; min-height:400px;vertical-align:middle; padding:60px; background-color:#fcfcfc; ' ><div class='flex_cell_inner' ><p><div  style='padding-bottom:0px; ' class='av-special-heading av-special-heading-h3  blockquote modern-quote  avia-builder-el-13  el_before_av_textblock  avia-builder-el-first  '><h3 class='av-special-heading-tag '  itemprop=\"headline\"  >Vienviet\u012bgs numurs<\/h3><div class='special-heading-border'><div class='special-heading-inner-border' ><\/div><\/div><\/div><br \/>\n<section class=\"av_textblock_section \"  itemscope=\"itemscope\" itemtype=\"https:\/\/schema.org\/CreativeWork\" ><div class='avia_textblock  '   itemprop=\"text\" ><ul>\n<li>Televizors<\/li>\n<li>Rakst\u0101mgalds<\/li>\n<li>1 gulta<\/li>\n<li>Maksim\u0101lais cilv\u0113ku skaits: 1 cilv\u0113ks<\/li>\n<li>Balkons<\/li>\n<li>Matu \u017e\u0101v\u0113t\u0101js<\/li>\n<li>WI-FI<\/li>\n<\/ul>\n<\/div><\/section><br \/>\n<div  class='avia-button-wrap avia-button-left  avia-builder-el-15  el_after_av_textblock  avia-builder-el-last ' ><a href='https:\/\/marinehotel.lv\/?product=vienvietigs-numurs'  class='avia-button   avia-icon_select-no avia-size-large avia-position-left '  style='background-color:#536b7e; border-color:#536b7e; color:#ffffff; ' ><span class='avia_iconbox_title' >Vair\u0101k<\/span><\/a><\/div><\/p>\n<\/div><\/div>\n<\/div>\n<div id='av-layout-grid-2'  class='av-layout-grid-container entry-content-wrapper main_color av-flex-cells     avia-builder-el-16  el_after_av_layout_row  el_before_av_layout_row  submenu-not-first container_wrap fullsize' style=' '  >\n<div class=\"flex_cell no_margin av_two_fifth  avia-builder-el-17  el_before_av_cell_three_fifth  avia-builder-el-first   avia-full-stretch \"  style='height:400px; min-height:400px;background:url(https:\/\/marinehotel.lv\/wp-content\/uploads\/2016\/02\/IMG_0032ab_3_4_5_fused-1.jpg) center center no-repeat scroll; vertical-align:middle; padding:60px; ' ><div class='flex_cell_inner' ><\/div><\/div><div class=\"flex_cell no_margin av_three_fifth  avia-builder-el-18  el_after_av_cell_two_fifth  avia-builder-el-last   avia-full-contain \"  style='height:400px; min-height:400px;vertical-align:middle; padding:60px; ' ><div class='flex_cell_inner' ><p><div  style='padding-bottom:0px; ' class='av-special-heading av-special-heading-h3  blockquote modern-quote  avia-builder-el-19  el_before_av_textblock  avia-builder-el-first  '><h3 class='av-special-heading-tag '  itemprop=\"headline\"  >Divviet\u012bgs ekonomisk\u0101s klases numurs<\/h3><div class='special-heading-border'><div class='special-heading-inner-border' ><\/div><\/div><\/div><br \/>\n<section class=\"av_textblock_section \"  itemscope=\"itemscope\" itemtype=\"https:\/\/schema.org\/CreativeWork\" ><div class='avia_textblock  '   itemprop=\"text\" ><ul>\n<li>Televizors<\/li>\n<li>Rakst\u0101mgalds ar kr\u0113slu<\/li>\n<li>1 gulta<\/li>\n<li>Maksim\u0101lais cilv\u0113ku skaits: 2 cilv\u0113ki<\/li>\n<li>Balkons<\/li>\n<li>Matu \u017e\u0101v\u0113t\u0101js<\/li>\n<li>WI-FI<\/li>\n<\/ul>\n<\/div><\/section><br \/>\n<div  class='avia-button-wrap avia-button-left  avia-builder-el-21  el_after_av_textblock  avia-builder-el-last ' ><a href='https:\/\/marinehotel.lv\/?product=divvietigs-ekonomiskas-klases-numurs'  class='avia-button   avia-icon_select-no avia-size-large avia-position-left '  style='background-color:#536b7e; border-color:#536b7e; color:#ffffff; ' ><span class='avia_iconbox_title' >Vair\u0101k<\/span><\/a><\/div><\/p>\n<\/div><\/div><\/div><div id='av-layout-grid-3'  class='av-layout-grid-container entry-content-wrapper main_color av-flex-cells     avia-builder-el-22  el_after_av_layout_row  el_before_av_layout_row  submenu-not-first container_wrap fullsize' style=' '  >\n<div class=\"flex_cell no_margin av_two_fifth  avia-builder-el-23  el_before_av_cell_three_fifth  avia-builder-el-first   avia-full-stretch \"  style='height:400px; min-height:400px;background:url(https:\/\/marinehotel.lv\/wp-content\/uploads\/2021\/06\/IMG_0081_2_3_4_5_fused2.jpg) center center no-repeat scroll; vertical-align:middle; padding:60px; ' ><div class='flex_cell_inner' ><\/div><\/div><div class=\"flex_cell no_margin av_three_fifth  avia-builder-el-24  el_after_av_cell_two_fifth  avia-builder-el-last   avia-full-contain \"  style='height:400px; min-height:400px;vertical-align:middle; padding:60px; background-color:#fcfcfc; ' ><div class='flex_cell_inner' ><p><div  style='padding-bottom:0px; ' class='av-special-heading av-special-heading-h3  blockquote modern-quote  avia-builder-el-25  el_before_av_textblock  avia-builder-el-first  '><h3 class='av-special-heading-tag '  itemprop=\"headline\"  >Standarta divviet\u012bgs numurs<\/h3><div class='special-heading-border'><div class='special-heading-inner-border' ><\/div><\/div><\/div><br \/>\n<section class=\"av_textblock_section \"  itemscope=\"itemscope\" itemtype=\"https:\/\/schema.org\/CreativeWork\" ><div class='avia_textblock  '   itemprop=\"text\" ><ul>\n<li>Kondicionieris<\/li>\n<li>Televizors<\/li>\n<li>Rakst\u0101mgalds ar kr\u0113slu<\/li>\n<li>1 dubult\u0101 gulta<\/li>\n<li>Maksim\u0101lais cilv\u0113ku skaits: 3 cilv\u0113ki<\/li>\n<li>Seifs<\/li>\n<li>Balkons<\/li>\n<li>Matu \u017e\u0101v\u0113t\u0101js<\/li>\n<li>WI-FI<\/li>\n<\/ul>\n<\/div><\/section><br \/>\n<div  class='avia-button-wrap avia-button-left  avia-builder-el-27  el_after_av_textblock  avia-builder-el-last ' ><a href='https:\/\/marinehotel.lv\/?product=standarta-divvietigs-numurs'  class='avia-button   avia-icon_select-no avia-size-large avia-position-left '  style='background-color:#536b7e; border-color:#536b7e; color:#ffffff; ' ><span class='avia_iconbox_title' >Vair\u0101k<\/span><\/a><\/div><\/p>\n<\/div><\/div>\n<\/div><\/p>\n<div id='av-layout-grid-4'  class='av-layout-grid-container entry-content-wrapper main_color av-flex-cells     avia-builder-el-28  el_after_av_layout_row  el_before_av_layout_row  submenu-not-first container_wrap fullsize' style=' '  >\n<div class=\"flex_cell no_margin av_two_fifth  avia-builder-el-29  el_before_av_cell_three_fifth  avia-builder-el-first   avia-full-stretch \"  style='height:400px; min-height:400px;background:url(https:\/\/marinehotel.lv\/wp-content\/uploads\/2021\/06\/IMG_0102a_3_4_5_6_fused.jpg) center center no-repeat scroll; vertical-align:middle; padding:60px; ' ><div class='flex_cell_inner' ><\/div><\/div><div class=\"flex_cell no_margin av_three_fifth  avia-builder-el-30  el_after_av_cell_two_fifth  avia-builder-el-last   avia-full-contain \"  style='height:400px; min-height:400px;vertical-align:middle; padding:60px; ' ><div class='flex_cell_inner' ><p><div  style='padding-bottom:0px; ' class='av-special-heading av-special-heading-h3  blockquote modern-quote  avia-builder-el-31  el_before_av_textblock  avia-builder-el-first  '><h3 class='av-special-heading-tag '  itemprop=\"headline\"  >Divistabu numurs<\/h3><div class='special-heading-border'><div class='special-heading-inner-border' ><\/div><\/div><\/div><br \/>\n<section class=\"av_textblock_section \"  itemscope=\"itemscope\" itemtype=\"https:\/\/schema.org\/CreativeWork\" ><div class='avia_textblock  '   itemprop=\"text\" ><ul>\n<li>Televizors<\/li>\n<li>Rakst\u0101mgalds ar kr\u0113slu<\/li>\n<li>1 dubult\u0101 gulta 1 div\u0101ns<\/li>\n<li>Maksim\u0101lais cilv\u0113ku skaits: 3 cilv\u0113ki<\/li>\n<li>Seifs<\/li>\n<li>Mini bars<\/li>\n<li>Balkons<\/li>\n<li>Matu \u017e\u0101v\u0113t\u0101js<\/li>\n<li>WI-FI<\/li>\n<\/ul>\n<\/div><\/section><br \/>\n<div  class='avia-button-wrap avia-button-left  avia-builder-el-33  el_after_av_textblock  avia-builder-el-last ' ><a href='https:\/\/marinehotel.lv\/?product=royal-apartment-with-4-bedrooms'  class='avia-button   avia-icon_select-no avia-size-large avia-position-left '  style='background-color:#536b7e; border-color:#536b7e; color:#ffffff; ' ><span class='avia_iconbox_title' >Vair\u0101k<\/span><\/a><\/div><\/p>\n<\/div><\/div><\/div><div id='av-layout-grid-5'  class='av-layout-grid-container entry-content-wrapper main_color av-flex-cells     avia-builder-el-34  el_after_av_layout_row  el_before_av_layout_row  submenu-not-first container_wrap fullsize' style=' '  >\n<div class=\"flex_cell no_margin av_two_fifth  avia-builder-el-35  el_before_av_cell_three_fifth  avia-builder-el-first   avia-full-stretch \"  style='height:400px; min-height:400px;background:url(https:\/\/marinehotel.lv\/wp-content\/uploads\/2021\/06\/IMG_0062a_3_4_5_fused.jpg) center center no-repeat scroll; vertical-align:middle; padding:60px; ' ><div class='flex_cell_inner' ><\/div><\/div><div class=\"flex_cell no_margin av_three_fifth  avia-builder-el-36  el_after_av_cell_two_fifth  avia-builder-el-last   avia-full-contain \"  style='height:400px; min-height:400px;vertical-align:middle; padding:60px; ' ><div class='flex_cell_inner' ><p><div  style='padding-bottom:0px; ' class='av-special-heading av-special-heading-h3  blockquote modern-quote  avia-builder-el-37  el_before_av_textblock  avia-builder-el-first  '><h3 class='av-special-heading-tag '  itemprop=\"headline\"  >Pusluksusa divistabu numurs<\/h3><div class='special-heading-border'><div class='special-heading-inner-border' ><\/div><\/div><\/div><br \/>\n<section class=\"av_textblock_section \"  itemscope=\"itemscope\" itemtype=\"https:\/\/schema.org\/CreativeWork\" ><div class='avia_textblock  '   itemprop=\"text\" ><ul>\n<li>Kondicionieris<\/li>\n<li>Televizors<\/li>\n<li>Rakst\u0101mgalds ar kr\u0113slu<\/li>\n<li>1 dubult\u0101 gulta 1 div\u0101ns<\/li>\n<li>Maksim\u0101lais cilv\u0113ku skaits: 4 cilv\u0113ki<\/li>\n<li>Seifs<\/li>\n<li>Mini bars<\/li>\n<li>Balkons<\/li>\n<li>Matu \u017e\u0101v\u0113t\u0101js<\/li>\n<li>WI-FI<\/li>\n<\/ul>\n<\/div><\/section><br \/>\n<div  class='avia-button-wrap avia-button-left  avia-builder-el-39  el_after_av_textblock  avia-builder-el-last ' ><a href='https:\/\/marinehotel.lv\/?product=pusluksusa-divistabu-numurs'  class='avia-button   avia-icon_select-no avia-size-large avia-position-left '  style='background-color:#536b7e; border-color:#536b7e; color:#ffffff; ' ><span class='avia_iconbox_title' >Vair\u0101\u0137<\/span><\/a><\/div><\/p>\n<\/div><\/div>\n<\/div><\/p>\n<div id='av-layout-grid-6'  class='av-layout-grid-container entry-content-wrapper main_color av-flex-cells     avia-builder-el-40  el_after_av_layout_row  el_before_av_layout_row  submenu-not-first container_wrap fullsize' style=' '  >\n<div class=\"flex_cell no_margin av_two_fifth  avia-builder-el-41  el_before_av_cell_three_fifth  avia-builder-el-first   avia-full-stretch \"  style='height:400px; min-height:400px;background:url(https:\/\/marinehotel.lv\/wp-content\/uploads\/2021\/06\/IMG_0147_8_9_fused-2.jpg) center center no-repeat scroll; vertical-align:middle; padding:60px; ' ><div class='flex_cell_inner' ><\/div><\/div><div class=\"flex_cell no_margin av_three_fifth  avia-builder-el-42  el_after_av_cell_two_fifth  avia-builder-el-last   avia-full-contain \"  style='height:400px; min-height:400px;vertical-align:middle; padding:60px; ' ><div class='flex_cell_inner' ><p><div  style='padding-bottom:0px; ' class='av-special-heading av-special-heading-h3  blockquote modern-quote  avia-builder-el-43  el_before_av_textblock  avia-builder-el-first  '><h3 class='av-special-heading-tag '  itemprop=\"headline\"  >Luksusa numurs<\/h3><div class='special-heading-border'><div class='special-heading-inner-border' ><\/div><\/div><\/div><br \/>\n<section class=\"av_textblock_section \"  itemscope=\"itemscope\" itemtype=\"https:\/\/schema.org\/CreativeWork\" ><div class='avia_textblock  '   itemprop=\"text\" ><ul>\n<li>Kondicionieris<\/li>\n<li>Televizors<\/li>\n<li>Rakst\u0101mgalds ar kr\u0113slu<\/li>\n<li>1 paaugst\u012bn\u0101ta dubult\u0101 gulta 1 div\u0101ns<\/li>\n<li>Maksim\u0101lais cilv\u0113ku skaits: 4 cilv\u0113ki<\/li>\n<li>Seifs<\/li>\n<li>Mini bars<\/li>\n<li>Balkons<\/li>\n<li>Matu \u017e\u0101v\u0113t\u0101js<\/li>\n<li>WI-FI<\/li>\n<li>Divas vannas istabas<\/li>\n<\/ul>\n<\/div><\/section><br \/>\n<div  class='avia-button-wrap avia-button-left  avia-builder-el-45  el_after_av_textblock  avia-builder-el-last ' ><a href='https:\/\/marinehotel.lv\/?product=luksusa-numurs'  class='avia-button   avia-icon_select-no avia-size-large avia-position-left '  style='background-color:#536b7e; border-color:#536b7e; color:#ffffff; ' ><span class='avia_iconbox_title' >Vair\u0101k<\/span><\/a><\/div><\/p>\n<\/div><\/div>\n<\/div>\n<div id='av-layout-grid-7'  class='av-layout-grid-container entry-content-wrapper main_color av-flex-cells     avia-builder-el-46  el_after_av_layout_row  avia-builder-el-last  submenu-not-first container_wrap fullsize' style=' '  >\n<div class=\"flex_cell no_margin av_two_fifth  avia-builder-el-47  el_before_av_cell_three_fifth  avia-builder-el-first   avia-full-stretch \"  style='height:400px; min-height:400px;background:url(https:\/\/marinehotel.lv\/wp-content\/uploads\/2021\/06\/IMG_0187_8_9_fused.jpg) center center no-repeat scroll; vertical-align:middle; padding:60px; ' ><div class='flex_cell_inner' ><\/div><\/div><div class=\"flex_cell no_margin av_three_fifth  avia-builder-el-48  el_after_av_cell_two_fifth  avia-builder-el-last   avia-full-contain \"  style='height:400px; min-height:400px;vertical-align:middle; padding:60px; ' ><div class='flex_cell_inner' ><p><div  style='padding-bottom:0px; ' class='av-special-heading av-special-heading-h3  blockquote modern-quote  avia-builder-el-49  el_before_av_textblock  avia-builder-el-first  '><h3 class='av-special-heading-tag '  itemprop=\"headline\"  >Dz\u012bvoklis<\/h3><div class='special-heading-border'><div class='special-heading-inner-border' ><\/div><\/div><\/div><br \/>\n<section class=\"av_textblock_section \"  itemscope=\"itemscope\" itemtype=\"https:\/\/schema.org\/CreativeWork\" ><div class='avia_textblock  '   itemprop=\"text\" ><ul>\n<li>Virtuve<\/li>\n<li>Kondicionieris<\/li>\n<li>Televizors<\/li>\n<li>Rakst\u0101mgalds ar kr\u0113slu<\/li>\n<li>1 dubult\u0101 gulta 1 div\u0101ns<\/li>\n<li>Maksim\u0101lais cilv\u0113ku skaits: 4 cilv\u0113ki<\/li>\n<li>Seifs<\/li>\n<li>Matu \u017e\u0101v\u0113t\u0101js<\/li>\n<li>WI-FI<\/li>\n<\/ul>\n<\/div><\/section><br \/>\n<div  class='avia-button-wrap avia-button-left  avia-builder-el-51  el_after_av_textblock  avia-builder-el-last ' ><a href='https:\/\/marinehotel.lv\/?product=dzivoklis'  class='avia-button   avia-icon_select-no avia-size-large avia-position-left '  style='background-color:#536b7e; border-color:#536b7e; color:#ffffff; ' ><span class='avia_iconbox_title' >Vair\u0101k<\/span><\/a><\/div><\/p>\n<\/div><\/div>\n<\/div>\n","protected":false},"excerpt":{"rendered":"","protected":false},"author":1,"featured_media":0,"parent":0,"menu_order":0,"comment_status":"closed","ping_status":"closed","template":"","meta":{"om_disable_all_campaigns":false,"footnotes":""},"class_list":["post-247","page","type-page","status-publish","hentry"],"yoast_head":"<!-- This site is optimized with the Yoast SEO plugin v16.6.1 - https:\/\/yoast.com\/wordpress\/plugins\/seo\/ -->\n<title>Istabas - Marine Hotel J\u016brmala<\/title>\n<meta name=\"robots\" content=\"index, follow, max-snippet:-1, max-image-preview:large, max-video-preview:-1\" \/>\n<link rel=\"canonical\" href=\"https:\/\/marinehotel.lv\/?page_id=247\" \/>\n<meta property=\"og:locale\" content=\"en_US\" \/>\n<meta property=\"og:type\" content=\"article\" \/>\n<meta property=\"og:title\" content=\"Istabas - Marine Hotel J\u016brmala\" \/>\n<meta property=\"og:url\" content=\"https:\/\/marinehotel.lv\/?page_id=247\" \/>\n<meta property=\"og:site_name\" content=\"Marine Hotel J\u016brmala\" \/>\n<meta property=\"article:publisher\" content=\"https:\/\/www.facebook.com\/marinehoteljurmala\" \/>\n<meta property=\"article:modified_time\" content=\"2021-07-10T14:37:35+00:00\" \/>\n<meta name=\"twitter:card\" content=\"summary_large_image\" \/>\n<meta name=\"twitter:label1\" content=\"Est. reading time\" \/>\n\t<meta name=\"twitter:data1\" content=\"6 minutes\" \/>\n<script type=\"application\/ld+json\" class=\"yoast-schema-graph\">{\"@context\":\"https:\/\/schema.org\",\"@graph\":[{\"@type\":\"Organization\",\"@id\":\"https:\/\/marinehotel.lv\/#organization\",\"name\":\"Marine Hotel Jurmala\",\"url\":\"https:\/\/marinehotel.lv\/\",\"sameAs\":[\"https:\/\/www.facebook.com\/marinehoteljurmala\"],\"logo\":{\"@type\":\"ImageObject\",\"@id\":\"https:\/\/marinehotel.lv\/#logo\",\"inLanguage\":\"en-US\",\"url\":\"https:\/\/marinehotel.lv\/wp-content\/uploads\/2021\/06\/Marine-Hotel-Jurmala-1.png\",\"contentUrl\":\"https:\/\/marinehotel.lv\/wp-content\/uploads\/2021\/06\/Marine-Hotel-Jurmala-1.png\",\"width\":1000,\"height\":1000,\"caption\":\"Marine Hotel Jurmala\"},\"image\":{\"@id\":\"https:\/\/marinehotel.lv\/#logo\"}},{\"@type\":\"WebSite\",\"@id\":\"https:\/\/marinehotel.lv\/#website\",\"url\":\"https:\/\/marinehotel.lv\/\",\"name\":\"Marine Hotel J\\u016brmala\",\"description\":\"Affordable and Newly renovated Hotel in Jurmala, Pumpuri\",\"publisher\":{\"@id\":\"https:\/\/marinehotel.lv\/#organization\"},\"potentialAction\":[{\"@type\":\"SearchAction\",\"target\":{\"@type\":\"EntryPoint\",\"urlTemplate\":\"https:\/\/marinehotel.lv\/?s={search_term_string}\"},\"query-input\":\"required name=search_term_string\"}],\"inLanguage\":\"en-US\"},{\"@type\":\"WebPage\",\"@id\":\"https:\/\/marinehotel.lv\/?page_id=247#webpage\",\"url\":\"https:\/\/marinehotel.lv\/?page_id=247\",\"name\":\"Istabas - Marine Hotel J\\u016brmala\",\"isPartOf\":{\"@id\":\"https:\/\/marinehotel.lv\/#website\"},\"datePublished\":\"2016-02-19T19:19:32+00:00\",\"dateModified\":\"2021-07-10T14:37:35+00:00\",\"breadcrumb\":{\"@id\":\"https:\/\/marinehotel.lv\/?page_id=247#breadcrumb\"},\"inLanguage\":\"en-US\",\"potentialAction\":[{\"@type\":\"ReadAction\",\"target\":[\"https:\/\/marinehotel.lv\/?page_id=247\"]}]},{\"@type\":\"BreadcrumbList\",\"@id\":\"https:\/\/marinehotel.lv\/?page_id=247#breadcrumb\",\"itemListElement\":[{\"@type\":\"ListItem\",\"position\":1,\"name\":\"Home\",\"item\":\"https:\/\/marinehotel.lv\/\"},{\"@type\":\"ListItem\",\"position\":2,\"name\":\"Istabas\"}]}]}<\/script>\n<!-- \/ Yoast SEO plugin. -->","_links":{"self":[{"href":"https:\/\/marinehotel.lv\/index.php?rest_route=\/wp\/v2\/pages\/247","targetHints":{"allow":["GET"]}}],"collection":[{"href":"https:\/\/marinehotel.lv\/index.php?rest_route=\/wp\/v2\/pages"}],"about":[{"href":"https:\/\/marinehotel.lv\/index.php?rest_route=\/wp\/v2\/types\/page"}],"author":[{"embeddable":true,"href":"https:\/\/marinehotel.lv\/index.php?rest_route=\/wp\/v2\/users\/1"}],"replies":[{"embeddable":true,"href":"https:\/\/marinehotel.lv\/index.php?rest_route=%2Fwp%2Fv2%2Fcomments&post=247"}],"version-history":[{"count":44,"href":"https:\/\/marinehotel.lv\/index.php?rest_route=\/wp\/v2\/pages\/247\/revisions"}],"predecessor-version":[{"id":1592,"href":"https:\/\/marinehotel.lv\/index.php?rest_route=\/wp\/v2\/pages\/247\/revisions\/1592"}],"wp:attachment":[{"href":"https:\/\/marinehotel.lv\/index.php?rest_route=%2Fwp%2Fv2%2Fmedia&parent=247"}],"curies":[{"name":"wp","href":"https:\/\/api.w.org\/{rel}","templated":true}]}}