{"id":1825,"date":"2026-03-19T17:50:44","date_gmt":"2026-03-19T15:50:44","guid":{"rendered":"https:\/\/marinehotel.lv\/?page_id=1825"},"modified":"2026-03-19T17:50:45","modified_gmt":"2026-03-19T15:50:45","slug":"rezervacija","status":"publish","type":"page","link":"https:\/\/marinehotel.lv\/?page_id=1825","title":{"rendered":"Rezerv\u0101cija"},"content":{"rendered":"<div id='av_section_1'  class='avia-section main_color avia-section-no-padding avia-no-border-styling  avia-full-stretch avia-bg-style-scroll  avia-builder-el-0  avia-builder-el-no-sibling   container_wrap fullsize' style='background-repeat: no-repeat; background-image: url(https:\/\/marinehotel.lv\/wp-content\/uploads\/2021\/06\/IMG_0125.jpg);background-attachment: scroll; background-position: center center;  '  data-section-bg-repeat='stretch'><div class='container' ><main  role=\"main\" itemprop=\"mainContentOfPage\"  class='template-page content  av-content-full alpha units'><div class='post-entry post-entry-type-page post-entry-1825'><div class='entry-content-wrapper clearfix'>\n<div  style='height:20px' class='hr hr-invisible   avia-builder-el-1  el_before_av_one_full  avia-builder-el-first '><span class='hr-inner ' ><span class='hr-inner-style'><\/span><\/span><\/div>\n<div class=\"flex_column av_one_full  av-animated-generic bottom-to-top  avia-full-stretch flex_column_div first  avia-builder-el-2  el_after_av_hr  avia-builder-el-last  \" style='padding:50px; background-color:rgba(255,255,255,0.6); border-radius:0px; '><p><form action=\"https:\/\/marinehotel.lv\/?page_id=1825\" method=\"post\"  class=\"avia_ajax_form av-form-labels-hidden   avia-builder-el-3  el_before_av_hr  avia-builder-el-first   \" data-avia-form-id=\"1\" data-avia-redirect='' ><fieldset><p class='  first_form  form_element form_element_third' id='element_avia_1_1'><label for=\"avia_1_1\">V\u0101rds <abbr class=\"required\" title=\"required\">*<\/abbr><\/label> <input name=\"avia_1_1\" class=\"text_input is_empty\" type=\"text\" id=\"avia_1_1\" value=\"\"  placeholder='V\u0101rds*'\/><\/p><p class='  form_element form_element_third' id='element_avia_2_1'><label for=\"avia_2_1\">E-Mail <abbr class=\"required\" title=\"required\">*<\/abbr><\/label> <input name=\"avia_2_1\" class=\"text_input is_email\" type=\"text\" id=\"avia_2_1\" value=\"\"  placeholder='E-Mail*'\/><\/p><p class='  form_element form_element_third' id='element_avia_3_1'><label for=\"avia_3_1\">Telefona numurs <abbr class=\"required\" title=\"required\">*<\/abbr><\/label> <input name=\"avia_3_1\" class=\"text_input is_phone\" type=\"text\" id=\"avia_3_1\" value=\"\"  placeholder='Telefona numurs*'\/><\/p><p class=' first_form  form_element form_element_half' id='element_avia_4_1'><label for=\"avia_4_1\">Iera\u0161an\u0101s datums <abbr class=\"required\" title=\"required\">*<\/abbr><\/label> <input name=\"avia_4_1\" class=\"avia_datepicker text_input is_empty\" type=\"text\" id=\"avia_4_1\" value=\"\" placeholder=\"Iera\u0161an\u0101s datums*\" \/><\/p><p class=' form_element form_element_half' id='element_avia_5_1'><label for=\"avia_5_1\">Izbrauk\u0161anas datums <abbr class=\"required\" title=\"required\">*<\/abbr><\/label> <input name=\"avia_5_1\" class=\"avia_datepicker text_input is_empty\" type=\"text\" id=\"avia_5_1\" value=\"\" placeholder=\"Izbrauk\u0161anas datums*\" \/><\/p><p class=' first_form  form_element form_element_half' id='element_avia_6_1'><label for=\"avia_6_1\">Pieaugu\u0161ie <abbr class=\"required\" title=\"required\">*<\/abbr><\/label> <select  name=\"avia_6_1\" class=\"select is_empty\" id=\"avia_6_1\"><option  value =''>Pieaugu\u0161ie*<\/option><option  value ='1'>1<\/option><option  value ='2'>2<\/option><option  value ='3'>3<\/option><option  value ='4'>4<\/option><option  value ='5'>5<\/option><option  value ='6'>6<\/option><\/select><\/p><p class=' form_element form_element_half' id='element_avia_7_1'><label for=\"avia_7_1\">B\u0113rni<\/label> <select  name=\"avia_7_1\" class=\"select \" id=\"avia_7_1\"><option  value =''>B\u0113rni<\/option><option  value ='0'>0<\/option><option  value ='1'>1<\/option><option  value ='2'>2<\/option><option  value ='3'>3<\/option><option  value ='4'>4<\/option><option  value ='5'>5<\/option><option  value ='6'>6<\/option><\/select><\/p><p class=' first_form  form_element form_fullwidth' id='element_avia_8_1'><label for=\"avia_8_1\">Numuri <abbr class=\"required\" title=\"required\">*<\/abbr><\/label> <select  name=\"avia_8_1\" class=\"select is_empty\" id=\"avia_8_1\"><option  value =''>Numuri*<\/option><option  value ='Vienviet\u012bgs numurs'>Vienviet\u012bgs numurs<\/option><option  value ='Divviet\u012bgs ekonomisk\u0101s klases numurs'>Divviet\u012bgs ekonomisk\u0101s klases numurs<\/option><option  value ='Standarta divviet\u012bgs numurs'>Standarta divviet\u012bgs numurs<\/option><option  value ='Divistabu numurs'>Divistabu numurs<\/option><option  value ='Pusluksusa divistabu numurs'>Pusluksusa divistabu numurs<\/option><option  value ='Luksusa numurs'>Luksusa numurs<\/option><option  value ='Dz\u012bvoklis'>Dz\u012bvoklis<\/option><\/select><\/p><p class='  first_form  form_element form_fullwidth av-last-visible-form-element' id='element_avia_9_1'><label for=\"avia_9_1\" class=\"textare_label hidden textare_label_avia_9_1\">Papildinform\u0101cija<\/label><textarea  placeholder='Papildinform\u0101cija' name=\"avia_9_1\" class=\"text_area \" cols=\"40\" rows=\"7\" id=\"avia_9_1\" ><\/textarea><\/p><p class=\"hidden\"><input type=\"text\" name=\"avia_10_1\" class=\"hidden \" id=\"avia_10_1\" value=\"\" \/><\/p><p class=\"form_element \"><input type=\"hidden\" value=\"1\" name=\"avia_generated_form1\" \/><input type=\"submit\" value=\"Nos\u016bt\u012bt piepras\u012bjumu\" class=\"button\"  data-sending-label=\"Sending\"\/><\/p><\/fieldset><\/form><div id=\"ajaxresponse_1\" class=\"ajaxresponse ajaxresponse_1 hidden\"><\/div><br \/>\n<div  style='height:40px' class='hr hr-invisible   avia-builder-el-4  el_after_av_contact  avia-builder-el-last '><span class='hr-inner ' ><span class='hr-inner-style'><\/span><\/span><\/div><\/p><\/div>\n\n","protected":false},"excerpt":{"rendered":"","protected":false},"author":1,"featured_media":0,"parent":0,"menu_order":0,"comment_status":"open","ping_status":"closed","template":"","meta":{"om_disable_all_campaigns":false,"footnotes":""},"class_list":["post-1825","page","type-page","status-publish","hentry"],"yoast_head":"<!-- This site is optimized with the Yoast SEO plugin v16.6.1 - https:\/\/yoast.com\/wordpress\/plugins\/seo\/ -->\n<title>Rezerv\u0101cija - Marine Hotel J\u016brmala<\/title>\n<meta name=\"robots\" content=\"index, follow, max-snippet:-1, max-image-preview:large, max-video-preview:-1\" \/>\n<link rel=\"canonical\" href=\"https:\/\/marinehotel.lv\/?page_id=1825\" \/>\n<meta property=\"og:locale\" content=\"en_US\" \/>\n<meta property=\"og:type\" content=\"article\" \/>\n<meta property=\"og:title\" content=\"Rezerv\u0101cija - Marine Hotel J\u016brmala\" \/>\n<meta property=\"og:url\" content=\"https:\/\/marinehotel.lv\/?page_id=1825\" \/>\n<meta property=\"og:site_name\" content=\"Marine Hotel J\u016brmala\" \/>\n<meta property=\"article:publisher\" content=\"https:\/\/www.facebook.com\/marinehoteljurmala\" \/>\n<meta property=\"article:modified_time\" content=\"2026-03-19T15:50:45+00:00\" \/>\n<meta name=\"twitter:card\" content=\"summary_large_image\" \/>\n<meta name=\"twitter:label1\" content=\"Est. reading time\" \/>\n\t<meta name=\"twitter:data1\" content=\"4 minutes\" \/>\n<script type=\"application\/ld+json\" class=\"yoast-schema-graph\">{\"@context\":\"https:\/\/schema.org\",\"@graph\":[{\"@type\":\"Organization\",\"@id\":\"https:\/\/marinehotel.lv\/#organization\",\"name\":\"Marine Hotel Jurmala\",\"url\":\"https:\/\/marinehotel.lv\/\",\"sameAs\":[\"https:\/\/www.facebook.com\/marinehoteljurmala\"],\"logo\":{\"@type\":\"ImageObject\",\"@id\":\"https:\/\/marinehotel.lv\/#logo\",\"inLanguage\":\"en-US\",\"url\":\"https:\/\/marinehotel.lv\/wp-content\/uploads\/2021\/06\/Marine-Hotel-Jurmala-1.png\",\"contentUrl\":\"https:\/\/marinehotel.lv\/wp-content\/uploads\/2021\/06\/Marine-Hotel-Jurmala-1.png\",\"width\":1000,\"height\":1000,\"caption\":\"Marine Hotel Jurmala\"},\"image\":{\"@id\":\"https:\/\/marinehotel.lv\/#logo\"}},{\"@type\":\"WebSite\",\"@id\":\"https:\/\/marinehotel.lv\/#website\",\"url\":\"https:\/\/marinehotel.lv\/\",\"name\":\"Marine Hotel J\\u016brmala\",\"description\":\"Affordable and Newly renovated Hotel in Jurmala, Pumpuri\",\"publisher\":{\"@id\":\"https:\/\/marinehotel.lv\/#organization\"},\"potentialAction\":[{\"@type\":\"SearchAction\",\"target\":{\"@type\":\"EntryPoint\",\"urlTemplate\":\"https:\/\/marinehotel.lv\/?s={search_term_string}\"},\"query-input\":\"required name=search_term_string\"}],\"inLanguage\":\"en-US\"},{\"@type\":\"WebPage\",\"@id\":\"https:\/\/marinehotel.lv\/?page_id=1825#webpage\",\"url\":\"https:\/\/marinehotel.lv\/?page_id=1825\",\"name\":\"Rezerv\\u0101cija - Marine Hotel J\\u016brmala\",\"isPartOf\":{\"@id\":\"https:\/\/marinehotel.lv\/#website\"},\"datePublished\":\"2026-03-19T15:50:44+00:00\",\"dateModified\":\"2026-03-19T15:50:45+00:00\",\"breadcrumb\":{\"@id\":\"https:\/\/marinehotel.lv\/?page_id=1825#breadcrumb\"},\"inLanguage\":\"en-US\",\"potentialAction\":[{\"@type\":\"ReadAction\",\"target\":[\"https:\/\/marinehotel.lv\/?page_id=1825\"]}]},{\"@type\":\"BreadcrumbList\",\"@id\":\"https:\/\/marinehotel.lv\/?page_id=1825#breadcrumb\",\"itemListElement\":[{\"@type\":\"ListItem\",\"position\":1,\"name\":\"Home\",\"item\":\"https:\/\/marinehotel.lv\/\"},{\"@type\":\"ListItem\",\"position\":2,\"name\":\"Rezerv\\u0101cija\"}]}]}<\/script>\n<!-- \/ Yoast SEO plugin. -->","_links":{"self":[{"href":"https:\/\/marinehotel.lv\/index.php?rest_route=\/wp\/v2\/pages\/1825","targetHints":{"allow":["GET"]}}],"collection":[{"href":"https:\/\/marinehotel.lv\/index.php?rest_route=\/wp\/v2\/pages"}],"about":[{"href":"https:\/\/marinehotel.lv\/index.php?rest_route=\/wp\/v2\/types\/page"}],"author":[{"embeddable":true,"href":"https:\/\/marinehotel.lv\/index.php?rest_route=\/wp\/v2\/users\/1"}],"replies":[{"embeddable":true,"href":"https:\/\/marinehotel.lv\/index.php?rest_route=%2Fwp%2Fv2%2Fcomments&post=1825"}],"version-history":[{"count":2,"href":"https:\/\/marinehotel.lv\/index.php?rest_route=\/wp\/v2\/pages\/1825\/revisions"}],"predecessor-version":[{"id":1827,"href":"https:\/\/marinehotel.lv\/index.php?rest_route=\/wp\/v2\/pages\/1825\/revisions\/1827"}],"wp:attachment":[{"href":"https:\/\/marinehotel.lv\/index.php?rest_route=%2Fwp%2Fv2%2Fmedia&parent=1825"}],"curies":[{"name":"wp","href":"https:\/\/api.w.org\/{rel}","templated":true}]}}